{"id":500,"date":"2020-12-22T06:06:51","date_gmt":"2020-12-22T06:06:51","guid":{"rendered":"http:\/\/sw-themes.com\/porto_dummy\/?page_id=500"},"modified":"2024-02-28T14:31:32","modified_gmt":"2024-02-28T14:31:32","slug":"asesoria-contable","status":"publish","type":"page","link":"https:\/\/ccmasesores.com\/index.php\/nuestros-servicios\/asesoria-contable\/","title":{"rendered":"Asesor\u00eda Contable"},"content":{"rendered":"<p>[vc_row animation_delay=\u00bb200&#8243; animation_type=\u00bbfadeInUp\u00bb][vc_column][vc_custom_heading text=\u00bbAsesor\u00eda Contable\u00bb font_container=\u00bbtag:h2|font_size:2.75em|text_align:left|line_height:42px\u00bb use_theme_fonts=\u00bbyes\u00bb text_transform=\u00bbtext-capitalize\u00bb font_weight=\u00bb700&#8243; el_class=\u00bbpb-2 mb-4&#8243;][vc_custom_heading text=\u00bbEn CCM Asesores, nuestra misi\u00f3n es proporcionar servicios de asesor\u00eda contable de la m\u00e1s alta calidad, dise\u00f1ados para cubrir todas las necesidades contables y financieras de su empresa.\u00bb font_container=\u00bbtag:p|font_size:1.2em|text_align:left\u00bb use_theme_fonts=\u00bbyes\u00bb font_weight=\u00bb700&#8243; el_class=\u00bbmb-4&#8243;][vc_custom_heading text=\u00bbCon un equipo de profesionales altamente cualificados y dedicados, nos comprometemos a asegurar no solo el cumplimiento normativo, sino tambi\u00e9n la optimizaci\u00f3n de su gesti\u00f3n financiera y contable. Nuestra oferta de servicios est\u00e1 pensada para empresas de todos los tama\u00f1os y sectores, adapt\u00e1ndonos a sus necesidades espec\u00edficas para ofrecer soluciones personalizadas.\u00bb font_container=\u00bbtag:p|text_align:left\u00bb use_theme_fonts=\u00bbyes\u00bb el_class=\u00bbpb-3 mb-4&#8243;][vc_row_inner equal_height=\u00bbyes\u00bb el_class=\u00bbpb-3 mb-4&#8243;][vc_column_inner el_class=\u00bbmb-4 mb-lg-0&#8243; width=\u00bb2\/3&#8243;][vc_custom_heading text=\u00bbEn CCM Asesores, comprendemos que una gesti\u00f3n contable eficaz es fundamental para el \u00e9xito empresarial. Por ello, nos esforzamos por superar las expectativas, proporcionando un servicio que no solo resuelve las necesidades actuales sino que tambi\u00e9n anticipa los retos del futuro. Nuestro enfoque personalizado significa que cada uno de nuestros clientes recibe una atenci\u00f3n detallada y soluciones a medida que se traducen en valor real para su empresa.\u00bb font_container=\u00bbtag:p|text_align:left\u00bb use_theme_fonts=\u00bbyes\u00bb el_class=\u00bbmb-0&#8243;][vc_custom_heading text=\u00bb<br \/>\nOfrecemos servicios de auditor\u00eda y revisi\u00f3n contable para asegurar la veracidad y precisi\u00f3n de su informaci\u00f3n financiera. Ya sea para cumplir con requisitos legales o para proporcionar seguridad a los stakeholders, nuestra experiencia asegura auditor\u00edas eficientes y constructivas.\u00bb font_container=\u00bbtag:p|text_align:left\u00bb use_theme_fonts=\u00bbyes\u00bb el_class=\u00bbpb-2 mb-4&#8243;][\/vc_column_inner][vc_column_inner el_class=\u00bbps-lg-0&#8243; width=\u00bb1\/3&#8243;][vc_single_image image=\u00bb1797&#8243; img_size=\u00bbfull\u00bb onclick=\u00bbimg_link_large\u00bb lightbox=\u00bbyes\u00bb image_gallery=\u00bbyes\u00bb hover_effect=\u00bbyes\u00bb el_class=\u00bbmb-0&#8243;][\/vc_column_inner][\/vc_row_inner]<style>#porto-info-list51799838669f8abf151fdc i { color: #212529;font-size: 14px; }<\/style><ul id=\"porto-info-list51799838669f8abf151fdc\" class=\"porto-info-list d-flex flex-wrap justify-content-lg-between py-4 mt-2 mb-2\"><li class=\"porto-info-list-item me-4\"><i class=\"porto-info-icon fas fa-check\"><\/i><div class=\"porto-info-list-item-desc\" style=\"font-size: 14px;\"><strong>Gesti\u00f3n Contable Integral:<\/strong> Desde la contabilizaci\u00f3n de las operaciones diarias hasta la elaboraci\u00f3n y presentaci\u00f3n de los estados financieros, nuestro servicio de gesti\u00f3n contable asegura que su contabilidad refleje fielmente la realidad econ\u00f3mica de su empresa. Nos encargamos de todo, permiti\u00e9ndole concentrarse en el crecimiento de su negocio.<\/div><\/li><li class=\"porto-info-list-item me-4\"><i class=\"porto-info-icon fas fa-check\"><\/i><div class=\"porto-info-list-item-desc\" style=\"font-size: 14px;\"><strong>Cumplimiento Normativo y Fiscal:<\/strong> Garantizamos que su contabilidad cumpla con todas las normativas contables y fiscales aplicables, minimizando riesgos legales y financieros. Nuestro conocimiento actualizado de la legislaci\u00f3n asegura una total tranquilidad en materia de cumplimiento.<\/div><\/li><li class=\"porto-info-list-item\"><i class=\"porto-info-icon fas fa-check\"><\/i><div class=\"porto-info-list-item-desc\" style=\"font-size: 14px;\"><strong>Consultor\u00eda para la Toma de Decisiones Estrat\u00e9gicas:<\/strong> Brindamos apoyo en la toma de decisiones estrat\u00e9gicas, ofreciendo an\u00e1lisis financieros profundos que permiten identificar oportunidades de crecimiento, \u00e1reas de mejora y estrategias para enfrentar desaf\u00edos financieros.<\/div><\/li><\/ul>[vc_custom_heading text=\u00bbNos enorgullece ser un socio confiable para nuestros clientes, ayud\u00e1ndoles a navegar el complejo mundo financiero con confianza y claridad. En CCM Asesores, su \u00e9xito financiero es nuestra mayor prioridad.\u00bb font_container=\u00bbtag:p|text_align:left\u00bb use_theme_fonts=\u00bbyes\u00bb el_class=\u00bbpb-2 mb-4&#8243;]<div class=\"porto-faqs porto-faqs92a979ab60375678e97d092087fa8cb4 wpb_content_element  pb-2 mb-4\">\n\t<div class=\"page-faqs clearfix \">\n\n\t\t\n\t\t<div class=\"faq-row\">\n\t\t\t\n<article class=\"faq post-288 type-faq status-publish hentry\">\n\t<section class=\"toggle\">\n\t\t<label>1- \u00bfPor qu\u00e9 elegir CCM Asesores frente a otras asesor\u00edas?<\/label>\n\t\t<div class=\"toggle-content\">\n\t\t<span class=\"entry-title\" style=\"display: none;\">1- \u00bfPor qu\u00e9 elegir CCM Asesores frente a otras asesor\u00edas?<\/span><span class=\"vcard\" style=\"display: none;\"><span class=\"fn\"><a href=\"https:\/\/ccmasesores.com\/index.php\/author\/carlos_g85ve63q\/\" title=\"Entradas de admin\" rel=\"author\">admin<\/a><\/span><\/span><span class=\"updated\" style=\"display:none\">2024-02-28T11:32:19+00:00<\/span>Elegir CCM Asesores significa optar por un servicio integral que combina experiencia, personalizaci\u00f3n y un enfoque multidisciplinario. Nos diferenciamos por nuestra capacidad de ofrecer soluciones completas en asesor\u00eda fiscal, contable, financiera e inmobiliaria bajo un mismo techo, garantizando una visi\u00f3n 360\u00b0 de sus necesidades y objetivos.\t\t<\/div>\n\t<\/section>\n<\/article>\n\n<article class=\"faq post-295 type-faq status-publish hentry\">\n\t<section class=\"toggle\">\n\t\t<label>2- \u00bfC\u00f3mo puede CCM Asesores ayudarme a mejorar mi situaci\u00f3n fiscal?<\/label>\n\t\t<div class=\"toggle-content\">\n\t\t<span class=\"entry-title\" style=\"display: none;\">2- \u00bfC\u00f3mo puede CCM Asesores ayudarme a mejorar mi situaci\u00f3n fiscal?<\/span><span class=\"vcard\" style=\"display: none;\"><span class=\"fn\"><a href=\"https:\/\/ccmasesores.com\/index.php\/author\/carlos_g85ve63q\/\" title=\"Entradas de admin\" rel=\"author\">admin<\/a><\/span><\/span><span class=\"updated\" style=\"display:none\">2024-02-28T11:32:56+00:00<\/span>Nuestro equipo de expertos realiza un an\u00e1lisis detallado de su situaci\u00f3n actual para identificar oportunidades de optimizaci\u00f3n fiscal. A trav\u00e9s de una planificaci\u00f3n estrat\u00e9gica y el aprovechamiento de beneficios legales, trabajamos para minimizar su carga tributaria y mejorar su eficiencia fiscal.\t\t<\/div>\n\t<\/section>\n<\/article>\n\n<article class=\"faq post-296 type-faq status-publish hentry\">\n\t<section class=\"toggle\">\n\t\t<label>3- \u00bfOfrecen asesoramiento personalizado?<\/label>\n\t\t<div class=\"toggle-content\">\n\t\t<span class=\"entry-title\" style=\"display: none;\">3- \u00bfOfrecen asesoramiento personalizado?<\/span><span class=\"vcard\" style=\"display: none;\"><span class=\"fn\"><a href=\"https:\/\/ccmasesores.com\/index.php\/author\/carlos_g85ve63q\/\" title=\"Entradas de admin\" rel=\"author\">admin<\/a><\/span><\/span><span class=\"updated\" style=\"display:none\">2024-02-28T11:33:34+00:00<\/span>Absolutamente. En CCM Asesores, creemos que cada cliente es \u00fanico. Por eso, nos dedicamos a entender profundamente sus necesidades espec\u00edficas y objetivos a largo plazo, lo que nos permite dise\u00f1ar estrategias a medida que se alinean perfectamente con sus expectativas.\t\t<\/div>\n\t<\/section>\n<\/article>\n\n<article class=\"faq post-298 type-faq status-publish hentry\">\n\t<section class=\"toggle\">\n\t\t<label>4- \u00bfC\u00f3mo me mantendr\u00e1n informado sobre los cambios relevantes que puedan afectarme?<\/label>\n\t\t<div class=\"toggle-content\">\n\t\t<span class=\"entry-title\" style=\"display: none;\">4- \u00bfC\u00f3mo me mantendr\u00e1n informado sobre los cambios relevantes que puedan afectarme?<\/span><span class=\"vcard\" style=\"display: none;\"><span class=\"fn\"><a href=\"https:\/\/ccmasesores.com\/index.php\/author\/carlos_g85ve63q\/\" title=\"Entradas de admin\" rel=\"author\">admin<\/a><\/span><\/span><span class=\"updated\" style=\"display:none\">2024-02-28T11:34:13+00:00<\/span>La comunicaci\u00f3n es clave en nuestra relaci\u00f3n con los clientes. Mantenemos informados a nuestros clientes mediante actualizaciones regulares, informes detallados y reuniones peri\u00f3dicas para discutir cambios en la legislaci\u00f3n o en el mercado que puedan impactarles, asegur\u00e1ndonos de que siempre est\u00e9n un paso adelante.\t\t<\/div>\n\t<\/section>\n<\/article>\n\n<article class=\"faq post-297 type-faq status-publish hentry\">\n\t<section class=\"toggle\">\n\t\t<label>5- \u00bfQu\u00e9 hace diferente a su servicio inmobiliario?<\/label>\n\t\t<div class=\"toggle-content\">\n\t\t<span class=\"entry-title\" style=\"display: none;\">5- \u00bfQu\u00e9 hace diferente a su servicio inmobiliario?<\/span><span class=\"vcard\" style=\"display: none;\"><span class=\"fn\"><a href=\"https:\/\/ccmasesores.com\/index.php\/author\/carlos_g85ve63q\/\" title=\"Entradas de admin\" rel=\"author\">admin<\/a><\/span><\/span><span class=\"updated\" style=\"display:none\">2024-02-28T11:34:56+00:00<\/span>Nuestro servicio inmobiliario va m\u00e1s all\u00e1 de la simple compra-venta; ofrecemos un asesoramiento integral que abarca an\u00e1lisis de mercado, gesti\u00f3n de propiedades, y soporte en negociaciones. Nuestro conocimiento profundo del mercado local e internacional nos permite brindar consejos precisos y oportunidades exclusivas a nuestros clientes.\t\t<\/div>\n\t<\/section>\n<\/article>\n\t\t<\/div>\n\n\t\t\n\t<\/div>\n\n\t\n\t<\/div>[\/vc_column][\/vc_row]<\/p>\n","protected":false},"excerpt":{"rendered":"<p>[vc_row animation_delay=\u00bb200&#8243; animation_type=\u00bbfadeInUp\u00bb][vc_column][vc_custom_heading text=\u00bbAsesor\u00eda Contable\u00bb font_container=\u00bbtag:h2|font_size:2.75em|text_align:left|line_height:42px\u00bb use_theme_fonts=\u00bbyes\u00bb text_transform=\u00bbtext-capitalize\u00bb font_weight=\u00bb700&#8243; el_class=\u00bbpb-2 mb-4&#8243;][vc_custom_heading text=\u00bbEn CCM Asesores, nuestra misi\u00f3n es proporcionar servicios de asesor\u00eda contable de la m\u00e1s alta calidad, dise\u00f1ados para cubrir todas las necesidades contables y financieras de su empresa.\u00bb font_container=\u00bbtag:p|font_size:1.2em|text_align:left\u00bb use_theme_fonts=\u00bbyes\u00bb font_weight=\u00bb700&#8243; el_class=\u00bbmb-4&#8243;][vc_custom_heading text=\u00bbCon un equipo de profesionales altamente cualificados y dedicados, nos comprometemos a [&hellip;]<\/p>\n","protected":false},"author":1,"featured_media":0,"parent":13,"menu_order":0,"comment_status":"closed","ping_status":"closed","template":"","meta":{"footnotes":""},"class_list":["post-500","page","type-page","status-publish","hentry"],"_links":{"self":[{"href":"https:\/\/ccmasesores.com\/index.php\/wp-json\/wp\/v2\/pages\/500","targetHints":{"allow":["GET"]}}],"collection":[{"href":"https:\/\/ccmasesores.com\/index.php\/wp-json\/wp\/v2\/pages"}],"about":[{"href":"https:\/\/ccmasesores.com\/index.php\/wp-json\/wp\/v2\/types\/page"}],"author":[{"embeddable":true,"href":"https:\/\/ccmasesores.com\/index.php\/wp-json\/wp\/v2\/users\/1"}],"replies":[{"embeddable":true,"href":"https:\/\/ccmasesores.com\/index.php\/wp-json\/wp\/v2\/comments?post=500"}],"version-history":[{"count":6,"href":"https:\/\/ccmasesores.com\/index.php\/wp-json\/wp\/v2\/pages\/500\/revisions"}],"predecessor-version":[{"id":1801,"href":"https:\/\/ccmasesores.com\/index.php\/wp-json\/wp\/v2\/pages\/500\/revisions\/1801"}],"up":[{"embeddable":true,"href":"https:\/\/ccmasesores.com\/index.php\/wp-json\/wp\/v2\/pages\/13"}],"wp:attachment":[{"href":"https:\/\/ccmasesores.com\/index.php\/wp-json\/wp\/v2\/media?parent=500"}],"curies":[{"name":"wp","href":"https:\/\/api.w.org\/{rel}","templated":true}]}}