{"id":28,"date":"2020-12-15T05:28:13","date_gmt":"2020-12-15T05:28:13","guid":{"rendered":"http:\/\/sw-themes.com\/porto_dummy\/?page_id=28"},"modified":"2024-02-28T15:16:06","modified_gmt":"2024-02-28T15:16:06","slug":"contactar","status":"publish","type":"page","link":"https:\/\/ccmasesores.com\/index.php\/contactar\/","title":{"rendered":"Contactar"},"content":{"rendered":"<p>[vc_row no_padding=\u00bbyes\u00bb css=\u00bb.vc_custom_1608376964758{padding-top: 70px !important;padding-bottom: 70px !important;background: #212529 url(\/\/sw-themes.com\/porto_dummy\/wp-content\/uploads\/2020\/12\/background-5.jpg?id=235) !important;background-position: center !important;background-repeat: no-repeat !important;background-size: cover !important;}\u00bb el_class=\u00bbcustom-page-header position-relative\u00bb][vc_column]<div class=\"page-top page-header-7\"><style>.page-top { background: none; border-bottom: none; } .page-top .page-title:not(.b-none):after { display: none; }<\/style><div class=\"container\">\n\t<div class=\"row\">\n\t\t<div class=\"col-lg-12\">\n\t\t\t\t\t\t\t<div class=\"breadcrumbs-wrap text-center\">\n\t\t\t\t\t<ul class=\"breadcrumb\" itemscope itemtype=\"http:\/\/schema.org\/BreadcrumbList\"><li class=\"home\" itemprop=\"itemListElement\" itemscope itemtype=\"http:\/\/schema.org\/ListItem\"><a itemtype=\"http:\/\/schema.org\/Thing\" itemprop=\"item\" href=\"https:\/\/ccmasesores.com\" title=\"Go to Home Page\"><span itemprop=\"name\">Home<\/span><meta itemprop=\"position\" content=\"1\" \/><\/a><i class=\"delimiter delimiter-2\"><\/i><\/li><\/ul>\t\t\t\t<\/div>\n\t\t\t\t\t\t<div class=\"text-center\">\n\t\t\t\t<h1 class=\"page-title\"><\/h1>\n\t\t\t\t\t\t\t<\/div>\n\t\t\t\t\t<\/div>\n\t<\/div>\n<\/div>\n<\/div>[\/vc_column][\/vc_row][vc_row wrap_container=\u00bbyes\u00bb css=\u00bb.vc_custom_1608515725089{background-color: #f7f7f7 !important;}\u00bb el_class=\u00bbposition-relative\u00bb][vc_column el_class=\u00bbpy-5 mt-5 mb-4 contact-info-wrapper\u00bb offset=\u00bbvc_col-md-7&#8243;]<div class=\"porto-u-heading contact-info flex-1  wpb_custom_95aa9a11c17ad45cfabaf210d84ee7cc\" data-hspacer=\"no_spacer\" data-halign=\"left\" style=\"text-align:left\" data-appear-animation=\"fadeInUp\" data-appear-animation-delay=\"1100\"><div class=\"porto-u-main-heading\"><h2   style=\"margin-bottom: 32px;font-size:2em;line-height:42px;letter-spacing:-0.05em;\">Direcci\u00f3n y Email<\/h2><\/div><div class=\"porto-u-sub-heading\" style=\"\">\n<ul class=\"ps-0 list-unstyled\">\n<li class=\"address\" data-appear-animation=\"fadeInUp\" data-appear-animation-delay=\"1300\">\n<h3>Direcci\u00f3n<\/h3>\n<p>Maria de las Mercedes N\u00ba1<br \/>\nFuengirola 29640<br \/>\nM\u00e1laga<\/li>\n<li data-appear-animation=\"fadeInUp\" data-appear-animation-delay=\"1500\">\n<h3>Email<\/h3>\n<p><a class=\"text-decoration-underline\" href=\"mailto:info@ccmasesores.com\">info@ccmasesores.com<\/a><\/li>\n<\/ul>\n<p><\/div><\/div><div class=\"porto-u-heading contact-info flex-1 m-r-lg  wpb_custom_95aa9a11c17ad45cfabaf210d84ee7cc\" data-hspacer=\"no_spacer\" data-halign=\"left\" style=\"text-align:left\" data-appear-animation=\"fadeInUp\" data-appear-animation-delay=\"300\"><div class=\"porto-u-main-heading\"><h2   style=\"margin-bottom: 32px;font-size:2em;line-height:42px;letter-spacing:-0.05em;\">M\u00e1s informaci\u00f3n<\/h2><\/div><div class=\"porto-u-sub-heading\" style=\"\">\n<ul class=\"ps-0 list-unstyled\">\n<li data-appear-animation=\"fadeInUp\" data-appear-animation-delay=\"500\">\n<h3>Consultas<\/h3>\n<p><a href=\"+34686688726\">+34 686 688 726<\/a><\/li>\n<li class=\"working-time\" data-appear-animation=\"fadeInUp\" data-appear-animation-delay=\"900\">\n<h3>Nuestro horario<\/h3>\n<p>Lunes- Viernes 9:00 &#8211; 17:00<\/li>\n<\/ul>\n<p><\/div><\/div>[\/vc_column][vc_column el_class=\u00bbpb-3 mb-5 pb-lg-0 mb-lg-0 google-map-wrapper\u00bb offset=\u00bbvc_col-md-5&#8243;]<div id='wrap_map_69e6e190a3be7' class='porto-map-wrapper porto-adjust-bottom-margin ' style='height:300px;'><div id='map_69e6e190a3be7' data-map_override='0' class='porto_google_map wpb_content_element page_margin_top' style='width:100%;height:300px;'><\/div><\/div><script>\n(function($) {\n\t'use strict';\n\tjQuery(document).ready(function($) {\n\t\tif (typeof google == 'undefined') {\n\t\t\treturn;\n\t\t}\n\t\tvar map_map_69e6e190a3be7 = null;\n\t\tvar coordinate_map_69e6e190a3be7;\n\t\ttry {\n\t\t\tcoordinate_map_69e6e190a3be7=new google.maps.LatLng(36.5685721, -4.6176652);\n\t\t\tvar isDraggable = $(document).width() > 640 ? true : false;\n\t\t\tvar mapOptions = {\n\t\t\t\tzoom: 17,\n\t\t\t\tcenter: coordinate_map_69e6e190a3be7,\n\t\t\t\tscaleControl: true,\n\t\t\t\tstreetViewControl: true,\n\t\t\t\tmapTypeControl: true,\n\t\t\t\tpanControl: false,\n\t\t\t\tzoomControl: true,\n\t\t\t\tscrollwheel: true,\n\t\t\t\tdraggable: isDraggable,\n\t\t\t\tzoomControlOptions: {\n\t\t\t\t\tposition: google.maps.ControlPosition.RIGHT_BOTTOM\n\t\t\t\t}, mapTypeControlOptions: {\n\t\t\t\t\t\tmapTypeIds: [google.maps.MapTypeId.ROADMAP, 'map_style']\n\t\t\t\t\t}};var styles = [{\"featureType\":\"water\",\"elementType\":\"geometry\",\"stylers\":[{\"color\":\"#e9e9e9\"},{\"lightness\":17}]},{\"featureType\":\"landscape\",\"elementType\":\"geometry\",\"stylers\":[{\"color\":\"#f5f5f5\"},{\"lightness\":20}]},{\"featureType\":\"road.highway\",\"elementType\":\"geometry.fill\",\"stylers\":[{\"color\":\"#ffffff\"},{\"lightness\":17}]},{\"featureType\":\"road.highway\",\"elementType\":\"geometry.stroke\",\"stylers\":[{\"color\":\"#ffffff\"},{\"lightness\":29},{\"weight\":0.2}]},{\"featureType\":\"road.arterial\",\"elementType\":\"geometry\",\"stylers\":[{\"color\":\"#ffffff\"},{\"lightness\":18}]},{\"featureType\":\"road.local\",\"elementType\":\"geometry\",\"stylers\":[{\"color\":\"#ffffff\"},{\"lightness\":16}]},{\"featureType\":\"poi\",\"elementType\":\"geometry\",\"stylers\":[{\"color\":\"#f5f5f5\"},{\"lightness\":21}]},{\"featureType\":\"poi.park\",\"elementType\":\"geometry\",\"stylers\":[{\"color\":\"#dedede\"},{\"lightness\":21}]},{\"elementType\":\"labels.text.stroke\",\"stylers\":[{\"visibility\":\"on\"},{\"color\":\"#ffffff\"},{\"lightness\":16}]},{\"elementType\":\"labels.text.fill\",\"stylers\":[{\"saturation\":36},{\"color\":\"#333333\"},{\"lightness\":40}]},{\"elementType\":\"labels.icon\",\"stylers\":[{\"visibility\":\"off\"}]},{\"featureType\":\"transit\",\"elementType\":\"geometry\",\"stylers\":[{\"color\":\"#f2f2f2\"},{\"lightness\":19}]},{\"featureType\":\"administrative\",\"elementType\":\"geometry.fill\",\"stylers\":[{\"color\":\"#fefefe\"},{\"lightness\":20}]},{\"featureType\":\"administrative\",\"elementType\":\"geometry.stroke\",\"stylers\":[{\"color\":\"#fefefe\"},{\"lightness\":17},{\"weight\":1.2}]}];\n\t\t\t\t\tvar styledMap = new google.maps.StyledMapType(styles,\n\t\t\t\t\t\t{name: \"Styled Map\"});var map_map_69e6e190a3be7 = new google.maps.Map(document.getElementById('map_69e6e190a3be7'),mapOptions);map_map_69e6e190a3be7.mapTypes.set('map_style', styledMap);\n\t\t\t\t\t\t map_map_69e6e190a3be7.setMapTypeId('map_style');\n\t\t\t\t\tvar x = 'on';\n\t\t\t\t\tvar marker_map_69e6e190a3be7 = new google.maps.Marker({\n\t\t\t\t\tposition: new google.maps.LatLng(36.5685721, -4.6176652),\n\t\t\t\t\tanimation:  google.maps.Animation.DROP,\n\t\t\t\t\tmap: map_map_69e6e190a3be7,\n\t\t\t\t\ticon: 'https:\/\/ccmasesores.com\/wp-content\/uploads\/2020\/12\/law-firm2-map-pin.png'\n\t\t\t\t});\n\t\t\t\tgoogle.maps.event.addListener(marker_map_69e6e190a3be7, 'click', toggleBounce);var infowindow = new google.maps.InfoWindow();\n\t\t\t\t\t\tinfowindow.setContent('<div class=\"map_info_text\" style=\\'color:#000;\\'><strong>CCM Asesores<\/strong><\/div>');google.maps.event.addListener(marker_map_69e6e190a3be7, 'click', function() {\n\t\t\t\t\t\t\tinfowindow.open(map_map_69e6e190a3be7,marker_map_69e6e190a3be7);\n\t\t\t\t\t\t});}\n\t\tcatch(e){};\n\t\tgoogle.maps.event.trigger(map_map_69e6e190a3be7, 'resize');\n\t\t$(window).resize(function(){\n\t\t\tgoogle.maps.event.trigger(map_map_69e6e190a3be7, 'resize');\n\t\t\tif(map_map_69e6e190a3be7!=null) {\n\t\t\t\tmap_map_69e6e190a3be7.setCenter(coordinate_map_69e6e190a3be7);\n\t\t\t}\n\t\t});\n\t\t$('.ui-tabs').on('tabsactivate', function(event, ui) {\n\t\t   if($(this).find('.porto-map-wrapper').length > 0)\n\t\t\t{\n\t\t\t\tsetTimeout(function(){\n\t\t\t\t\t$(window).trigger('resize');\n\t\t\t\t},200);\n\t\t\t}\n\t\t});\n\t\t$('.ui-accordion').on('accordionactivate', function(event, ui) {\n\t\t\tif($(this).find('.porto-map-wrapper').length > 0) {\n\t\t\t\tsetTimeout(function(){\n\t\t\t\t\t$(window).trigger('resize');\n\t\t\t\t},200);\n\t\t\t}\n\t\t});\n\t\t$(document).on('onPortoModalPopupOpen', function(){\n\t\t\tif($(map_map_69e6e190a3be7).parents('.porto_modal-content')) {\n\t\t\t\tsetTimeout(function(){\n\t\t\t\t\t$(window).trigger('resize');\n\t\t\t\t},200);\n\t\t\t}\n\t\t});\n\t\tfunction toggleBounce() {\n\t\t\tif (marker_map_69e6e190a3be7.getAnimation() != null) {\n\t\t\t\tmarker_map_69e6e190a3be7.setAnimation(null);\n\t\t\t} else {\n\t\t\t\tmarker_map_69e6e190a3be7.setAnimation(google.maps.Animation.BOUNCE);\n\t\t\t}\n\t\t}\n\t});\n\n\t$(window).on('load', function() {\n\t\tsetTimeout(function() {\n\t\t\t$(window).trigger('resize');\n\t\t},200);\n\t});\n})(jQuery);\n<\/script>[\/vc_column][\/vc_row][vc_row content_placement=\u00bbmiddle\u00bb wrap_container=\u00bbyes\u00bb el_class=\u00bbpy-5 my-5 faq-wrapper\u00bb][vc_column offset=\u00bbvc_col-md-6&#8243; el_class=\u00bbmb-5 mb-lg-0&#8243;]<div class=\"porto-ultimate-content-box-container bg-primary p-5\"><style>#porto_ucb_9481{will-change: box-shadow;box-shadow: none;}<\/style><div class=\"porto-ultimate-content-box\" style=\"\" id=\"porto_ucb_9481\">[vc_custom_heading text=\u00bb\u00bfAlguna pregunta?\u00bb font_container=\u00bbtag:h3|font_size:1.2em|text_align:left|line_height:24px\u00bb use_theme_fonts=\u00bbyes\u00bb text_transform=\u00bbtext-uppercase\u00bb font_weight=\u00bb500&#8243; skin=\u00bblight\u00bb letter_spacing=\u00bb-0.05em\u00bb el_class=\u00bbopacity-8 mb-0&#8243;][vc_custom_heading text=\u00bbPreguntas frecuentes\u00bb font_container=\u00bbtag:h2|font_size:2.5em|text_align:left|color:%23ffffff|line_height:42px\u00bb use_theme_fonts=\u00bbyes\u00bb text_transform=\u00bbtext-capitalize\u00bb font_weight=\u00bb700&#8243; skin=\u00bblight\u00bb letter_spacing=\u00bb-0.05em\u00bb el_class=\u00bbpb-2 mb-4&#8243;]<div class=\"porto-faqs porto-faqsfae41ae0a9fad98bbc2462dee8662f15 wpb_content_element  mb-0\">\n\t<div class=\"page-faqs clearfix \">\n\n\t\t\n\t\t<div class=\"faq-row\">\n\t\t\t\n<article class=\"faq post-288 type-faq status-publish hentry\">\n\t<section class=\"toggle\">\n\t\t<label>1- \u00bfPor qu\u00e9 elegir CCM Asesores frente a otras asesor\u00edas?<\/label>\n\t\t<div class=\"toggle-content\">\n\t\t<span class=\"entry-title\" style=\"display: none;\">1- \u00bfPor qu\u00e9 elegir CCM Asesores frente a otras asesor\u00edas?<\/span><span class=\"vcard\" style=\"display: none;\"><span class=\"fn\"><a href=\"https:\/\/ccmasesores.com\/index.php\/author\/carlos_g85ve63q\/\" title=\"Entradas de admin\" rel=\"author\">admin<\/a><\/span><\/span><span class=\"updated\" style=\"display:none\">2024-02-28T11:32:19+00:00<\/span>Elegir CCM Asesores significa optar por un servicio integral que combina experiencia, personalizaci\u00f3n y un enfoque multidisciplinario. Nos diferenciamos por nuestra capacidad de ofrecer soluciones completas en asesor\u00eda fiscal, contable, financiera e inmobiliaria bajo un mismo techo, garantizando una visi\u00f3n 360\u00b0 de sus necesidades y objetivos.\t\t<\/div>\n\t<\/section>\n<\/article>\n\n<article class=\"faq post-295 type-faq status-publish hentry\">\n\t<section class=\"toggle\">\n\t\t<label>2- \u00bfC\u00f3mo puede CCM Asesores ayudarme a mejorar mi situaci\u00f3n fiscal?<\/label>\n\t\t<div class=\"toggle-content\">\n\t\t<span class=\"entry-title\" style=\"display: none;\">2- \u00bfC\u00f3mo puede CCM Asesores ayudarme a mejorar mi situaci\u00f3n fiscal?<\/span><span class=\"vcard\" style=\"display: none;\"><span class=\"fn\"><a href=\"https:\/\/ccmasesores.com\/index.php\/author\/carlos_g85ve63q\/\" title=\"Entradas de admin\" rel=\"author\">admin<\/a><\/span><\/span><span class=\"updated\" style=\"display:none\">2024-02-28T11:32:56+00:00<\/span>Nuestro equipo de expertos realiza un an\u00e1lisis detallado de su situaci\u00f3n actual para identificar oportunidades de optimizaci\u00f3n fiscal. A trav\u00e9s de una planificaci\u00f3n estrat\u00e9gica y el aprovechamiento de beneficios legales, trabajamos para minimizar su carga tributaria y mejorar su eficiencia fiscal.\t\t<\/div>\n\t<\/section>\n<\/article>\n\n<article class=\"faq post-296 type-faq status-publish hentry\">\n\t<section class=\"toggle\">\n\t\t<label>3- \u00bfOfrecen asesoramiento personalizado?<\/label>\n\t\t<div class=\"toggle-content\">\n\t\t<span class=\"entry-title\" style=\"display: none;\">3- \u00bfOfrecen asesoramiento personalizado?<\/span><span class=\"vcard\" style=\"display: none;\"><span class=\"fn\"><a href=\"https:\/\/ccmasesores.com\/index.php\/author\/carlos_g85ve63q\/\" title=\"Entradas de admin\" rel=\"author\">admin<\/a><\/span><\/span><span class=\"updated\" style=\"display:none\">2024-02-28T11:33:34+00:00<\/span>Absolutamente. En CCM Asesores, creemos que cada cliente es \u00fanico. Por eso, nos dedicamos a entender profundamente sus necesidades espec\u00edficas y objetivos a largo plazo, lo que nos permite dise\u00f1ar estrategias a medida que se alinean perfectamente con sus expectativas.\t\t<\/div>\n\t<\/section>\n<\/article>\n\n<article class=\"faq post-298 type-faq status-publish hentry\">\n\t<section class=\"toggle\">\n\t\t<label>4- \u00bfC\u00f3mo me mantendr\u00e1n informado sobre los cambios relevantes que puedan afectarme?<\/label>\n\t\t<div class=\"toggle-content\">\n\t\t<span class=\"entry-title\" style=\"display: none;\">4- \u00bfC\u00f3mo me mantendr\u00e1n informado sobre los cambios relevantes que puedan afectarme?<\/span><span class=\"vcard\" style=\"display: none;\"><span class=\"fn\"><a href=\"https:\/\/ccmasesores.com\/index.php\/author\/carlos_g85ve63q\/\" title=\"Entradas de admin\" rel=\"author\">admin<\/a><\/span><\/span><span class=\"updated\" style=\"display:none\">2024-02-28T11:34:13+00:00<\/span>La comunicaci\u00f3n es clave en nuestra relaci\u00f3n con los clientes. Mantenemos informados a nuestros clientes mediante actualizaciones regulares, informes detallados y reuniones peri\u00f3dicas para discutir cambios en la legislaci\u00f3n o en el mercado que puedan impactarles, asegur\u00e1ndonos de que siempre est\u00e9n un paso adelante.\t\t<\/div>\n\t<\/section>\n<\/article>\n\n<article class=\"faq post-297 type-faq status-publish hentry\">\n\t<section class=\"toggle\">\n\t\t<label>5- \u00bfQu\u00e9 hace diferente a su servicio inmobiliario?<\/label>\n\t\t<div class=\"toggle-content\">\n\t\t<span class=\"entry-title\" style=\"display: none;\">5- \u00bfQu\u00e9 hace diferente a su servicio inmobiliario?<\/span><span class=\"vcard\" style=\"display: none;\"><span class=\"fn\"><a href=\"https:\/\/ccmasesores.com\/index.php\/author\/carlos_g85ve63q\/\" title=\"Entradas de admin\" rel=\"author\">admin<\/a><\/span><\/span><span class=\"updated\" style=\"display:none\">2024-02-28T11:34:56+00:00<\/span>Nuestro servicio inmobiliario va m\u00e1s all\u00e1 de la simple compra-venta; ofrecemos un asesoramiento integral que abarca an\u00e1lisis de mercado, gesti\u00f3n de propiedades, y soporte en negociaciones. Nuestro conocimiento profundo del mercado local e internacional nos permite brindar consejos precisos y oportunidades exclusivas a nuestros clientes.\t\t<\/div>\n\t<\/section>\n<\/article>\n\n<article class=\"faq post-299 type-faq status-publish hentry\">\n\t<section class=\"toggle\">\n\t\t<label>6- \u00bfC\u00f3mo puede CCM Asesores ayudarme a alcanzar mis objetivos financieros?<\/label>\n\t\t<div class=\"toggle-content\">\n\t\t<span class=\"entry-title\" style=\"display: none;\">6- \u00bfC\u00f3mo puede CCM Asesores ayudarme a alcanzar mis objetivos financieros?<\/span><span class=\"vcard\" style=\"display: none;\"><span class=\"fn\"><a href=\"https:\/\/ccmasesores.com\/index.php\/author\/carlos_g85ve63q\/\" title=\"Entradas de admin\" rel=\"author\">admin<\/a><\/span><\/span><span class=\"updated\" style=\"display:none\">2024-02-28T11:35:31+00:00<\/span>Combinamos an\u00e1lisis financiero avanzado con una comprensi\u00f3n profunda de sus metas personales o empresariales para crear estrategias financieras robustas. Desde inversiones y ahorros hasta planificaci\u00f3n patrimonial y sucesoria, nuestro enfoque est\u00e1 dise\u00f1ado para asegurar el crecimiento sostenible y la protecci\u00f3n de su patrimonio.\t\t<\/div>\n\t<\/section>\n<\/article>\n\n<article class=\"faq post-300 type-faq status-publish hentry\">\n\t<section class=\"toggle\">\n\t\t<label>7- \u00bfQu\u00e9 soporte ofrecen para nuevas empresas o emprendedores?<\/label>\n\t\t<div class=\"toggle-content\">\n\t\t<span class=\"entry-title\" style=\"display: none;\">7- \u00bfQu\u00e9 soporte ofrecen para nuevas empresas o emprendedores?<\/span><span class=\"vcard\" style=\"display: none;\"><span class=\"fn\"><a href=\"https:\/\/ccmasesores.com\/index.php\/author\/carlos_g85ve63q\/\" title=\"Entradas de admin\" rel=\"author\">admin<\/a><\/span><\/span><span class=\"updated\" style=\"display:none\">2024-02-28T11:36:11+00:00<\/span>Para las nuevas empresas y emprendedores, ofrecemos un paquete de servicios especializados que incluye desde la constituci\u00f3n de la empresa hasta la planificaci\u00f3n financiera y fiscal, pasando por asesoramiento contable continuo. Nuestro objetivo es asegurar que su negocio tenga un inicio s\u00f3lido, minimizando riesgos y maximizando oportunidades de \u00e9xito.\t\t<\/div>\n\t<\/section>\n<\/article>\n\t\t<\/div>\n\n\t\t\n\t<\/div>\n\n\t\n\t<\/div>[vc_btn title=\u00bb\u00bb style=\u00bbmodern\u00bb i_icon_fontawesome=\u00bbfas fa-chevron-down\u00bb skin=\u00bblight\u00bb add_icon=\u00bbtrue\u00bb css=\u00bb.vc_custom_1608522478263{padding-top: 30px !important;}\u00bb el_class=\u00bbbtn-faq-more mb-0&#8243;]<\/div><\/div>[\/vc_column][vc_column offset=\u00bbvc_col-lg-offset-1 vc_col-lg-5 vc_col-md-6&#8243;][vc_custom_heading text=\u00bbEmpecemos\u00bb font_container=\u00bbtag:h3|font_size:1.2em|text_align:left|line_height:24px\u00bb use_theme_fonts=\u00bbyes\u00bb text_transform=\u00bbtext-uppercase\u00bb font_weight=\u00bb500&#8243; skin=\u00bbprimary\u00bb animation_delay=\u00bb400&#8243; el_class=\u00bbmb-0 align-lg-right\u00bb animation_type=\u00bbfadeInUp\u00bb][vc_custom_heading text=\u00bbTienes una consulta\u00bb font_container=\u00bbtag:h2|font_size:2.5em|text_align:left|line_height:42px\u00bb use_theme_fonts=\u00bbyes\u00bb text_transform=\u00bbtext-capitalize\u00bb font_weight=\u00bb700&#8243; animation_delay=\u00bb600&#8243; el_class=\u00bbpb-2 mb-4 align-lg-right\u00bb animation_type=\u00bbfadeInUp\u00bb]<div class=\"porto-ultimate-content-box-container \" data-appear-animation=\"fadeInUp\" data-appear-animation-delay=\"800\"><style>#porto_ucb_4086{will-change: box-shadow;box-shadow: none;}<\/style><div class=\"porto-ultimate-content-box\" style=\"\" id=\"porto_ucb_4086\">\n<div class=\"wpcf7 no-js\" id=\"wpcf7-f285-o1\" lang=\"en-US\" dir=\"ltr\">\n<div class=\"screen-reader-response\"><p role=\"status\" aria-live=\"polite\" aria-atomic=\"true\"><\/p> <ul><\/ul><\/div>\n<form action=\"\/index.php\/wp-json\/wp\/v2\/pages\/28#wpcf7-f285-o1\" method=\"post\" class=\"wpcf7-form init\" aria-label=\"Contact form\" novalidate=\"novalidate\" data-status=\"init\">\n<div style=\"display: none;\">\n<input type=\"hidden\" name=\"_wpcf7\" value=\"285\" \/>\n<input type=\"hidden\" name=\"_wpcf7_version\" value=\"5.8.7\" \/>\n<input type=\"hidden\" name=\"_wpcf7_locale\" value=\"en_US\" \/>\n<input type=\"hidden\" name=\"_wpcf7_unit_tag\" value=\"wpcf7-f285-o1\" \/>\n<input type=\"hidden\" name=\"_wpcf7_container_post\" value=\"0\" \/>\n<input type=\"hidden\" name=\"_wpcf7_posted_data_hash\" value=\"\" \/>\n<\/div>\n<div class=\"form-row align-lg-right\">\n\t<div class=\"form-group col-12 mb-3\">\n\t\t<p><span class=\"wpcf7-form-control-wrap\" data-name=\"text-527\"><input size=\"40\" class=\"wpcf7-form-control wpcf7-text wpcf7-validates-as-required\" aria-required=\"true\" aria-invalid=\"false\" placeholder=\"Nombre *\" value=\"\" type=\"text\" name=\"text-527\" \/><\/span>\n\t\t<\/p>\n\t<\/div>\n\t<div class=\"form-group col-12 mb-3\">\n\t\t<p><span class=\"wpcf7-form-control-wrap\" data-name=\"email-450\"><input size=\"40\" class=\"wpcf7-form-control wpcf7-email wpcf7-validates-as-required wpcf7-text wpcf7-validates-as-email\" aria-required=\"true\" aria-invalid=\"false\" placeholder=\"E-mail *\" value=\"\" type=\"email\" name=\"email-450\" \/><\/span>\n\t\t<\/p>\n\t<\/div>\n\t<div class=\"form-group col-12 mb-3\">\n\t\t<p><span class=\"wpcf7-form-control-wrap\" data-name=\"tel-243\"><input size=\"40\" class=\"wpcf7-form-control wpcf7-tel wpcf7-validates-as-required wpcf7-text wpcf7-validates-as-tel\" aria-required=\"true\" aria-invalid=\"false\" placeholder=\"Telefono *\" value=\"\" type=\"tel\" name=\"tel-243\" \/><\/span>\n\t\t<\/p>\n\t<\/div>\n\t<div class=\"form-group col-12 mb-4\">\n\t\t<p><span class=\"wpcf7-form-control-wrap\" data-name=\"textarea-723\"><textarea cols=\"40\" rows=\"10\" class=\"wpcf7-form-control wpcf7-textarea wpcf7-validates-as-required\" aria-required=\"true\" aria-invalid=\"false\" placeholder=\"Mensaje *\" name=\"textarea-723\"><\/textarea><\/span>\n\t\t<\/p>\n\t<\/div>\n\t<div class=\"form-group col-12 mb-0\">\n\t\t<p><input class=\"wpcf7-form-control wpcf7-submit has-spinner btn btn-primary font-weight-bold text-uppercase w-auto\" type=\"submit\" value=\"Enviar consulta\" \/>\n\t\t<\/p>\n\t<\/div>\n<\/div><p style=\"display: none !important;\" class=\"akismet-fields-container\" data-prefix=\"_wpcf7_ak_\"><label>&#916;<textarea name=\"_wpcf7_ak_hp_textarea\" cols=\"45\" rows=\"8\" maxlength=\"100\"><\/textarea><\/label><input type=\"hidden\" id=\"ak_js_1\" name=\"_wpcf7_ak_js\" value=\"88\"\/><script>document.getElementById( \"ak_js_1\" ).setAttribute( \"value\", ( new Date() ).getTime() );<\/script><\/p><div class=\"wpcf7-response-output\" aria-hidden=\"true\"><\/div>\n<\/form>\n<\/div>\n<\/div><\/div>[\/vc_column][\/vc_row]<\/p>\n","protected":false},"excerpt":{"rendered":"<p>[vc_row no_padding=\u00bbyes\u00bb css=\u00bb.vc_custom_1608376964758{padding-top: 70px !important;padding-bottom: 70px !important;background: #212529 url(\/\/sw-themes.com\/porto_dummy\/wp-content\/uploads\/2020\/12\/background-5.jpg?id=235) !important;background-position: center !important;background-repeat: no-repeat !important;background-size: cover !important;}\u00bb el_class=\u00bbcustom-page-header position-relative\u00bb][vc_column][\/vc_column][\/vc_row][vc_row wrap_container=\u00bbyes\u00bb css=\u00bb.vc_custom_1608515725089{background-color: #f7f7f7 !important;}\u00bb el_class=\u00bbposition-relative\u00bb][vc_column el_class=\u00bbpy-5 mt-5 mb-4 contact-info-wrapper\u00bb offset=\u00bbvc_col-md-7&#8243;][\/vc_column][vc_column el_class=\u00bbpb-3 mb-5 pb-lg-0 mb-lg-0 google-map-wrapper\u00bb offset=\u00bbvc_col-md-5&#8243;][\/vc_column][\/vc_row][vc_row content_placement=\u00bbmiddle\u00bb wrap_container=\u00bbyes\u00bb el_class=\u00bbpy-5 my-5 faq-wrapper\u00bb][vc_column offset=\u00bbvc_col-md-6&#8243; el_class=\u00bbmb-5 mb-lg-0&#8243;][\/vc_column][vc_column offset=\u00bbvc_col-lg-offset-1 vc_col-lg-5 vc_col-md-6&#8243;][vc_custom_heading text=\u00bbEmpecemos\u00bb font_container=\u00bbtag:h3|font_size:1.2em|text_align:left|line_height:24px\u00bb use_theme_fonts=\u00bbyes\u00bb text_transform=\u00bbtext-uppercase\u00bb font_weight=\u00bb500&#8243; skin=\u00bbprimary\u00bb animation_delay=\u00bb400&#8243; el_class=\u00bbmb-0 align-lg-right\u00bb animation_type=\u00bbfadeInUp\u00bb][vc_custom_heading [&hellip;]<\/p>\n","protected":false},"author":1,"featured_media":0,"parent":0,"menu_order":0,"comment_status":"closed","ping_status":"closed","template":"","meta":{"footnotes":""},"class_list":["post-28","page","type-page","status-publish","hentry"],"_links":{"self":[{"href":"https:\/\/ccmasesores.com\/index.php\/wp-json\/wp\/v2\/pages\/28","targetHints":{"allow":["GET"]}}],"collection":[{"href":"https:\/\/ccmasesores.com\/index.php\/wp-json\/wp\/v2\/pages"}],"about":[{"href":"https:\/\/ccmasesores.com\/index.php\/wp-json\/wp\/v2\/types\/page"}],"author":[{"embeddable":true,"href":"https:\/\/ccmasesores.com\/index.php\/wp-json\/wp\/v2\/users\/1"}],"replies":[{"embeddable":true,"href":"https:\/\/ccmasesores.com\/index.php\/wp-json\/wp\/v2\/comments?post=28"}],"version-history":[{"count":3,"href":"https:\/\/ccmasesores.com\/index.php\/wp-json\/wp\/v2\/pages\/28\/revisions"}],"predecessor-version":[{"id":1818,"href":"https:\/\/ccmasesores.com\/index.php\/wp-json\/wp\/v2\/pages\/28\/revisions\/1818"}],"wp:attachment":[{"href":"https:\/\/ccmasesores.com\/index.php\/wp-json\/wp\/v2\/media?parent=28"}],"curies":[{"name":"wp","href":"https:\/\/api.w.org\/{rel}","templated":true}]}}