{"id":11,"date":"2020-12-15T05:26:32","date_gmt":"2020-12-15T05:26:32","guid":{"rendered":"http:\/\/sw-themes.com\/porto_dummy\/?page_id=11"},"modified":"2024-02-28T14:07:41","modified_gmt":"2024-02-28T14:07:41","slug":"ccm-asesores","status":"publish","type":"page","link":"https:\/\/ccmasesores.com\/index.php\/ccm-asesores\/","title":{"rendered":"Nuestra empresa"},"content":{"rendered":"<p>[vc_row wrap_container=\u00bbyes\u00bb el_class=\u00bbpy-5 mt-4&#8243; css=\u00bb.vc_custom_1608025504739{border-bottom-width: 1px !important;border-bottom-color: rgba(0,0,0,0.06) !important;border-bottom-style: solid !important;}\u00bb][vc_column][vc_custom_heading text=\u00bbCCM Asesores\u00bb font_container=\u00bbtag:h2|font_size:38.5|text_align:left\u00bb use_theme_fonts=\u00bbyes\u00bb font_weight=\u00bb700&#8243; skin=\u00bbdark\u00bb el_class=\u00bbmb-4 py-2&#8243;][vc_row_inner][vc_column_inner offset=\u00bbvc_col-md-4&#8243;][vc_custom_heading text=\u00bbBienvenidos a CCM Asesores, su socio de confianza en el coraz\u00f3n de Fuengirola, dedicado a brindar soluciones integrales en asesor\u00eda fiscal, contable, administraci\u00f3n de fincas e inmobiliaria. Con una trayectoria s\u00f3lida y un compromiso inquebrantable con la excelencia, nos hemos posicionado como un referente en el sector, ofreciendo un servicio personalizado y de alta calidad que atiende las necesidades espec\u00edficas de cada cliente.\u00bb font_container=\u00bbtag:p|font_size:1.2em|text_align:left|line_height:1.9&#8243; use_theme_fonts=\u00bbyes\u00bb font_weight=\u00bb700&#8243; el_class=\u00bbmb-4&#8243;][vc_custom_heading text=\u00bbEn CCM Asesores, entendemos que detr\u00e1s de cada n\u00famero hay una historia, un proyecto de vida o un sue\u00f1o empresarial. Por ello, nos esforzamos por ofrecer un acompa\u00f1amiento cercano y profesional que no solo resuelve dudas y gestiona tr\u00e1mites, sino que tambi\u00e9n anticipa oportunidades y minimiza riesgos. Nuestro equipo est\u00e1 compuesto por expertos altamente cualificados en las \u00e1reas fiscal, contable, administrativa e inmobiliaria, garantizando una visi\u00f3n integral y estrat\u00e9gica en cada proyecto.\u00bb font_container=\u00bbtag:p|text_align:left|line_height:1.9&#8243; use_theme_fonts=\u00bbyes\u00bb el_class=\u00bbmb-4&#8243;][\/vc_column_inner][vc_column_inner offset=\u00bbvc_col-md-4&#8243;][vc_custom_heading text=\u00bbNuestra misi\u00f3n\u00bb font_container=\u00bbtag:h3|font_size:1.35em|text_align:left|line_height:24px\u00bb use_theme_fonts=\u00bbyes\u00bb text_transform=\u00bbtext-uppercase\u00bb font_weight=\u00bb700&#8243; skin=\u00bbprimary\u00bb el_class=\u00bbmb-1&#8243;][vc_custom_heading text=\u00bbNuestra misi\u00f3n se centra en ser el pilar fundamental para nuestros clientes, proporcionando asesor\u00eda fiscal, contable, administraci\u00f3n de fincas e inmobiliaria de la m\u00e1s alta calidad. Nos dedicamos a simplificar la complejidad de los procesos financieros y legales, asegurando que cada cliente pueda enfocarse en lo que realmente importa: el crecimiento y bienestar de sus proyectos y sue\u00f1os\u00bb font_container=\u00bbtag:p|text_align:left|line_height:1.9&#8243; use_theme_fonts=\u00bbyes\u00bb el_class=\u00bbmb-4&#8243;][vc_custom_heading text=\u00bbEntendemos las particularidades del mercado local e internacional, lo que nos capacita para ofrecer un servicio inclusivo y accesible a una amplia gama de clientes, desde individuos hasta grandes empresas. La misi\u00f3n de CCM Asesores es facilitar el camino hacia el \u00e9xito financiero y empresarial de nuestros clientes, eliminando obst\u00e1culos y despejando dudas con profesionalismo y cuidado.\u00bb font_container=\u00bbtag:p|text_align:left|line_height:1.9&#8243; use_theme_fonts=\u00bbyes\u00bb el_class=\u00bbmb-4&#8243;][\/vc_column_inner][vc_column_inner offset=\u00bbvc_col-md-4&#8243;][vc_custom_heading text=\u00bbLa Confianza en el Centro de Todo\u00bb font_container=\u00bbtag:h3|font_size:1.35em|text_align:left|line_height:24px\u00bb use_theme_fonts=\u00bbyes\u00bb text_transform=\u00bbtext-uppercase\u00bb font_weight=\u00bb700&#8243; skin=\u00bbprimary\u00bb el_class=\u00bbmb-1&#8243;][vc_custom_heading text=\u00bbLa confianza se construye con acciones, no solo con palabras. Por ello, nos comprometemos a mantener una comunicaci\u00f3n abierta y transparente, asegurando que nuestros clientes est\u00e9n bien informados y c\u00f3modos con cada decisi\u00f3n que se toma. Nuestro equipo de expertos se dedica a escuchar activamente, entender profundamente las necesidades y objetivos de cada cliente, y actuar con integridad y profesionalismo.\u00bb font_container=\u00bbtag:p|text_align:left|line_height:1.9&#8243; use_theme_fonts=\u00bbyes\u00bb el_class=\u00bbpb-2 mb-4&#8243;][vc_custom_heading text=\u00bbLa experiencia nos ha ense\u00f1ado que cuando los clientes conf\u00edan en nosotros, se establece una colaboraci\u00f3n m\u00e1s fuerte y productiva. Esta sinergia nos permite no solo resolver los desaf\u00edos actuales sino tambi\u00e9n anticipar y planificar para el futuro. En CCM Asesores, no solo queremos ser un asesor en quien pueda confiar; aspiramos a ser un aliado estrat\u00e9gico que contribuya al \u00e9xito y crecimiento sostenible de nuestros clientes.\u00bb font_container=\u00bbtag:p|text_align:left|line_height:1.9&#8243; use_theme_fonts=\u00bbyes\u00bb el_class=\u00bbpb-2 mb-4&#8243;]<div class=\"porto-sicon-box top-n1-icon-box mb-3  wpb_custom_1efe903570d178ff0a9b7bfa5febd3a4 style_1 default-icon\"><div class=\"porto-sicon-default\"><div class=\"porto-just-icon-wrapper porto-icon none\" style=\"color:#ad9263;font-size:23.1px;margin-right:12px;\"><i class=\"Simple-Line-Icons-phone\"><\/i><\/div><\/div><div class=\"porto-sicon-header\"><a class=\"porto-sicon-box-link\" href=\"tel:+1234567890\"><h3 class=\"porto-sicon-title\" style=\"font-weight:700;font-size:21px;line-height:24px;letter-spacing:0;\">+34 686 688 726<\/h3><\/a><\/div> <!-- header --><\/div><!-- porto-sicon-box --><div class=\"porto-sicon-box top-2-icon-box mb-3  wpb_custom_1efe903570d178ff0a9b7bfa5febd3a4 style_1 default-icon\"><div class=\"porto-sicon-default\"><div class=\"porto-just-icon-wrapper porto-icon none\" style=\"color:#ad9263;font-size:25.2px;margin-right:12px;\"><i class=\"Simple-Line-Icons-envelope\"><\/i><\/div><\/div><div class=\"porto-sicon-header\"><a class=\"porto-sicon-box-link\" href=\"mailto:info@ccmasesores.com\"><h3 class=\"porto-sicon-title\" style=\"font-size:16.8px;line-height:24px;letter-spacing:0;\">info@ccmasesores.com<\/h3><\/a><\/div> <!-- header --><\/div><!-- porto-sicon-box --><div class=\"porto-sicon-box top-n1-icon-box mb-0  wpb_custom_1efe903570d178ff0a9b7bfa5febd3a4 style_1 default-icon\"><div class=\"porto-sicon-default\"><div class=\"porto-just-icon-wrapper porto-icon none\" style=\"color:#ad9263;font-size:25.2px;margin-right:12px;\"><i class=\"Simple-Line-Icons-calendar\"><\/i><\/div><\/div><div class=\"porto-sicon-header\"><h3 class=\"porto-sicon-title\" style=\"font-size:1.2em;line-height:24px;letter-spacing:0;\">Lunes - Viernes. 9:00 - 17:00<\/h3><\/div> <!-- header --><\/div><!-- porto-sicon-box --><div class=\"porto-u-icons  vc_custom_1608348693666 mb-0\">\n<a href=\"#\"><div class=\"porto-icon \"  style=\"color:#ad9263;font-size:22.4px;\">\n\t<i class=\"fab fa-instagram\"><\/i>\n<\/div><\/a>\n<a href=\"#\"><div class=\"porto-icon \"  style=\"color:#ad9263;font-size:22.4px;\">\n\t<i class=\"fab fa-twitter\"><\/i>\n<\/div><\/a>\n<a href=\"#\"><div class=\"porto-icon \"  style=\"color:#ad9263;font-size:22.4px;\">\n\t<i class=\"fab fa-facebook-f\"><\/i>\n<\/div><\/a><\/div>[\/vc_column_inner][\/vc_row_inner][\/vc_column][\/vc_row][vc_row content_placement=\u00bbmiddle\u00bb wrap_container=\u00bbyes\u00bb el_class=\u00bbpt-4 pb-5 mt-3 mb-2&#8243;][vc_column el_class=\u00bbmb-5 mb-lg-0&#8243; offset=\u00bbvc_col-md-6&#8243;][vc_custom_heading text=\u00bbNuestros Servicios en CCM Asesores\u00bb font_container=\u00bbtag:h2|font_size:38.5|text_align:left\u00bb use_theme_fonts=\u00bbyes\u00bb font_weight=\u00bb700&#8243; skin=\u00bbdark\u00bb animation_delay=\u00bb200&#8243; el_class=\u00bbmb-4 pt-1&#8243; animation_type=\u00bbfadeInUp\u00bb][vc_custom_heading text=\u00bbEn CCM Asesores, nos enorgullecemos de ofrecer un portafolio integral de servicios, dise\u00f1ados para cubrir todas las necesidades de asesor\u00eda fiscal, contable, administraci\u00f3n de fincas e inmobiliaria. Nuestro compromiso es brindar apoyo experto y personalizado a cada uno de nuestros clientes, asegurando su \u00e9xito y tranquilidad. A continuaci\u00f3n, presentamos un resumen de nuestros principales servicios:\u00bb font_container=\u00bbtag:p|text_align:left|line_height:1.9&#8243; use_theme_fonts=\u00bbyes\u00bb font_weight=\u00bb300&#8243; animation_delay=\u00bb400&#8243; el_class=\u00bbmb-4&#8243; animation_type=\u00bbfadeInUp\u00bb]<ul id=\"porto-info-list211299474669e3419ea6a59\" class=\"porto-info-list mb-4\"><li class=\"porto-info-list-item mb-4\"><div class=\"porto-info-list-item-desc\"><strong>Asesor\u00eda Fiscal:<\/strong> Orientaci\u00f3n y gesti\u00f3n de obligaciones fiscales para empresas y aut\u00f3nomos, incluyendo planificaci\u00f3n fiscal, declaraciones de impuestos y representaci\u00f3n ante la administraci\u00f3n tributaria.<\/div><\/li><li class=\"porto-info-list-item mb-4\"><div class=\"porto-info-list-item-desc\"><strong>Asesor\u00eda Contable:<\/strong> Servicios contables completos, desde la llevanza de la contabilidad hasta la preparaci\u00f3n y presentaci\u00f3n de cuentas anuales, pasando por el an\u00e1lisis financiero para la toma de decisiones estrat\u00e9gicas.<\/div><\/li><li class=\"porto-info-list-item mb-4\"><div class=\"porto-info-list-item-desc\"><strong>Administraci\u00f3n de Fincas:<\/strong> Gesti\u00f3n integral de propiedades, enfocada en optimizar el rendimiento de las fincas urbanas, incluyendo mantenimiento, gesti\u00f3n de comunidades y asesoramiento legal y t\u00e9cnico.<\/div><\/li><li class=\"porto-info-list-item mb-4\"><div class=\"porto-info-list-item-desc\"><strong>Inmobiliaria:<\/strong> Servicios inmobiliarios personalizados, abarcando la compra, venta y alquiler de propiedades, as\u00ed como asesoramiento en inversiones inmobiliarias, valoraci\u00f3n de propiedades y gesti\u00f3n de patrimonios.<\/div><\/li><li class=\"porto-info-list-item mb-4\"><div class=\"porto-info-list-item-desc\"><strong>Consultor\u00eda Empresarial:<\/strong> Asesoramiento estrat\u00e9gico para negocios, incluyendo planificaci\u00f3n empresarial, optimizaci\u00f3n de procesos y estructuras organizativas, y desarrollo de estrategias de crecimiento.<\/div><\/li><li class=\"porto-info-list-item mb-4\"><div class=\"porto-info-list-item-desc\"><strong>Servicios Legales:<\/strong> Apoyo en cuestiones legales relacionadas con la actividad empresarial y personal, abarcando desde el derecho mercantil hasta el derecho inmobiliario y laboral.<\/div><\/li><\/ul>[\/vc_column][vc_column width=\u00bb5\/6&#8243; el_class=\u00bbps-lg-5 p-relative-column mx-auto\u00bb offset=\u00bbvc_col-md-6&#8243;]<div class=\"porto-ultimate-content-box-container empty-img-floating\"><style>#porto_ucb_7410{will-change: box-shadow;box-shadow: none;}<\/style><div class=\"porto-ultimate-content-box\" style=\"\" id=\"porto_ucb_7410\">[vc_single_image alignment=\u00bbcenter\u00bb animation_delay=\u00bb1100&#8243; floating_start_pos=\u00bbtop\u00bb floating_speed=\u00bb3&#8243; el_class=\u00bbbg-primary h-100&#8243;]<\/div><\/div>[vc_single_image image=\u00bb1771&#8243; img_size=\u00bbfull\u00bb alignment=\u00bbcenter\u00bb animation_delay=\u00bb900&#8243; floating_start_pos=\u00bbtop\u00bb floating_speed=\u00bb6&#8243; el_class=\u00bbposition-relative z-index-1&#8243;][\/vc_column][\/vc_row][vc_row wrap_container=\u00bbyes\u00bb animation_delay=\u00bb300&#8243; el_class=\u00bboverlay-dark\u00bb css=\u00bb.vc_custom_1608361757122{padding-top: 105px !important;padding-bottom: 55px !important;background: #393c40 url(\/\/sw-themes.com\/porto_dummy\/wp-content\/uploads\/2020\/12\/background-1.jpg?id=126) !important;}\u00bb animation_type=\u00bbfadeIn\u00bb][vc_column][vc_custom_heading text=\u00bb\u00bfQu\u00e9 nos hace diferentes?\u00bb font_container=\u00bbtag:h4|font_size:1.2em|text_align:center\u00bb use_theme_fonts=\u00bbyes\u00bb text_transform=\u00bbtext-uppercase\u00bb font_weight=\u00bb600&#8243; skin=\u00bbprimary\u00bb letter_spacing=\u00bb-0.05em\u00bb el_class=\u00bbmb-3&#8243;][vc_custom_heading text=\u00bbCCM ASESORES\u00bb font_container=\u00bbtag:h2|font_size:2.75em|text_align:center|line_height:24px\u00bb use_theme_fonts=\u00bbyes\u00bb text_transform=\u00bbtext-capitalize\u00bb font_weight=\u00bb700&#8243; skin=\u00bblight\u00bb letter_spacing=\u00bb-1px\u00bb el_class=\u00bbpb-3 mb-5 font-style-normal\u00bb][vc_custom_heading text=\u00bbNos distinguimos por nuestra dedicaci\u00f3n a ofrecer un servicio de asesor\u00eda integral que va m\u00e1s all\u00e1 de las expectativas. Nuestra singularidad radica en una combinaci\u00f3n de valores fundamentales, experiencia acumulada y una profunda comprensi\u00f3n de las necesidades de nuestros clientes. Aqu\u00ed detallamos lo que nos hace diferentes:\u00bb font_container=\u00bbtag:p|font_size:1.2em|text_align:center|line_height:26px\u00bb use_theme_fonts=\u00bbyes\u00bb skin=\u00bblight\u00bb el_class=\u00bbmx-auto mb-3 col-md-11 px-0&#8243;][\/vc_column][\/vc_row]<\/p>\n","protected":false},"excerpt":{"rendered":"<p>[vc_row wrap_container=\u00bbyes\u00bb el_class=\u00bbpy-5 mt-4&#8243; css=\u00bb.vc_custom_1608025504739{border-bottom-width: 1px !important;border-bottom-color: rgba(0,0,0,0.06) !important;border-bottom-style: solid !important;}\u00bb][vc_column][vc_custom_heading text=\u00bbCCM Asesores\u00bb font_container=\u00bbtag:h2|font_size:38.5|text_align:left\u00bb use_theme_fonts=\u00bbyes\u00bb font_weight=\u00bb700&#8243; skin=\u00bbdark\u00bb el_class=\u00bbmb-4 py-2&#8243;][vc_row_inner][vc_column_inner offset=\u00bbvc_col-md-4&#8243;][vc_custom_heading text=\u00bbBienvenidos a CCM Asesores, su socio de confianza en el coraz\u00f3n de Fuengirola, dedicado a brindar soluciones integrales en asesor\u00eda fiscal, contable, administraci\u00f3n de fincas e inmobiliaria. Con una trayectoria s\u00f3lida y un compromiso inquebrantable [&hellip;]<\/p>\n","protected":false},"author":1,"featured_media":0,"parent":0,"menu_order":0,"comment_status":"closed","ping_status":"closed","template":"","meta":{"footnotes":""},"class_list":["post-11","page","type-page","status-publish","hentry"],"_links":{"self":[{"href":"https:\/\/ccmasesores.com\/index.php\/wp-json\/wp\/v2\/pages\/11","targetHints":{"allow":["GET"]}}],"collection":[{"href":"https:\/\/ccmasesores.com\/index.php\/wp-json\/wp\/v2\/pages"}],"about":[{"href":"https:\/\/ccmasesores.com\/index.php\/wp-json\/wp\/v2\/types\/page"}],"author":[{"embeddable":true,"href":"https:\/\/ccmasesores.com\/index.php\/wp-json\/wp\/v2\/users\/1"}],"replies":[{"embeddable":true,"href":"https:\/\/ccmasesores.com\/index.php\/wp-json\/wp\/v2\/comments?post=11"}],"version-history":[{"count":10,"href":"https:\/\/ccmasesores.com\/index.php\/wp-json\/wp\/v2\/pages\/11\/revisions"}],"predecessor-version":[{"id":1774,"href":"https:\/\/ccmasesores.com\/index.php\/wp-json\/wp\/v2\/pages\/11\/revisions\/1774"}],"wp:attachment":[{"href":"https:\/\/ccmasesores.com\/index.php\/wp-json\/wp\/v2\/media?parent=11"}],"curies":[{"name":"wp","href":"https:\/\/api.w.org\/{rel}","templated":true}]}}